{"id":37,"date":"2017-11-20T20:38:22","date_gmt":"2017-11-20T20:38:22","guid":{"rendered":"https:\/\/landpoet.de\/?page_id=37"},"modified":"2026-04-11T14:21:36","modified_gmt":"2026-04-11T14:21:36","slug":"autor","status":"publish","type":"page","link":"https:\/\/www.landpoet.de\/?page_id=37","title":{"rendered":"Autor"},"content":{"rendered":"<p><strong>I<\/strong>ch bin Herbert Kummetz<\/p>\n<p>und lebe n\u00f6rdlich von Hamburg auf dem Lande, seit vier Jahrzehnten. Nicht verwunderlich, dass aus mir ein Landpoet geworden ist. Die K\u00fcste aber ist niemals weit und man sp\u00fcrt die leichte Brise des L\u00e4chelns. So entsteht eine Art Heimatdichtung ohne Folklore und Stimmungsbilder. Manchmal allerdings geht auch der Landpoet auf Reisen oder sogar in gro\u00dfe St\u00e4dte &#8230;<\/p>\n<p>Auf dem Blog will ich einige meiner Gedichte vorstellen. M\u00f6glichst ein- oder zweimal im Monat. Manchmal gibt es vieles zu sagen \u2013 dann wieder weniges.<\/p>\n<p>Vor dem Landpoet war der Landpastor \u2013 36 Jahre lang. Und davor gab es den Journalisten und Chemiekaufmann. Und schlie\u00dflich auch noch den Neunj\u00e4hrigen, der seinen ersten Text ver\u00f6ffentlichte, irgend was mit Sonne und Blumen, auf der Kinderseite einer Hannoverschen Zeitung.<\/p>\n<p>Wenn ich gerade nicht mit Texten besch\u00e4ftigt bin &#8211; schreibend oder lesend &#8211; mache ich vielleicht gerade Theater oder ich singe im Chor, tanze oder koche, kann auch sein, dass man mich druckend oder zeichnend antrifft.  Meine Lebensphase nennt man Ruhestand, den verbringe ich mitten in Schleswig-Holstein. Ich bin also einer der gl\u00fccklichsten Menschen der Bundesrepublik \u2013 so steht\u2019s im \u201eGl\u00fccksatlas \u201c .<\/p>\n<p>Von mir gibt es auch etliches an Prosa. Ich habe einige B\u00fccher ver\u00f6ffentlicht, die Titel (einschlie\u00dflich des Zugangs zu Leseproben) findet man im Blog. Dar\u00fcber hinaus habe ich noch manches Unver\u00f6ffentlichte an Kurzprosa. Ich bin ein Teil der Gruppe FiN in Neum\u00fcnster. Ab und an laden wir ein zu literarisch-musikalischen  Veranstaltungen. N\u00e4heres: www.fin.landpoet.de. <\/p>\n<p><a title=\"Bloggerei.de\" href=\"https:\/\/www.bloggerei.de\/\"><img loading=\"lazy\" decoding=\"async\" src=\"https:\/\/www.bloggerei.de\/bgpublicon.jpg\" alt=\"Blogverzeichnis - Bloggerei.de\" width=\"80\" height=\"15\" border=\"0\" \/><\/a><\/p>\n","protected":false},"excerpt":{"rendered":"<p>Ich bin Herbert Kummetz und lebe n\u00f6rdlich von Hamburg auf dem Lande, seit vier Jahrzehnten. Nicht verwunderlich, dass aus mir ein Landpoet geworden ist. Die K\u00fcste aber ist niemals weit und man sp\u00fcrt die leichte Brise des L\u00e4chelns. So entsteht eine Art Heimatdichtung ohne Folklore und Stimmungsbilder. Manchmal allerdings geht auch der Landpoet auf Reisen &hellip; <\/p>\n<p class=\"link-more\"><a href=\"https:\/\/www.landpoet.de\/?page_id=37\" class=\"more-link\"><span class=\"screen-reader-text\">\u201eAutor\u201c <\/span>weiterlesen<\/a><\/p>\n","protected":false},"author":1,"featured_media":0,"parent":0,"menu_order":0,"comment_status":"closed","ping_status":"closed","template":"","meta":{"sfsi_plus_gutenberg_text_before_share":"","sfsi_plus_gutenberg_show_text_before_share":"","sfsi_plus_gutenberg_icon_type":"","sfsi_plus_gutenberg_icon_alignemt":"","sfsi_plus_gutenburg_max_per_row":"","footnotes":""},"class_list":["post-37","page","type-page","status-publish","hentry"],"_links":{"self":[{"href":"https:\/\/www.landpoet.de\/index.php?rest_route=\/wp\/v2\/pages\/37","targetHints":{"allow":["GET"]}}],"collection":[{"href":"https:\/\/www.landpoet.de\/index.php?rest_route=\/wp\/v2\/pages"}],"about":[{"href":"https:\/\/www.landpoet.de\/index.php?rest_route=\/wp\/v2\/types\/page"}],"author":[{"embeddable":true,"href":"https:\/\/www.landpoet.de\/index.php?rest_route=\/wp\/v2\/users\/1"}],"replies":[{"embeddable":true,"href":"https:\/\/www.landpoet.de\/index.php?rest_route=%2Fwp%2Fv2%2Fcomments&post=37"}],"version-history":[{"count":25,"href":"https:\/\/www.landpoet.de\/index.php?rest_route=\/wp\/v2\/pages\/37\/revisions"}],"predecessor-version":[{"id":3609,"href":"https:\/\/www.landpoet.de\/index.php?rest_route=\/wp\/v2\/pages\/37\/revisions\/3609"}],"wp:attachment":[{"href":"https:\/\/www.landpoet.de\/index.php?rest_route=%2Fwp%2Fv2%2Fmedia&parent=37"}],"curies":[{"name":"wp","href":"https:\/\/api.w.org\/{rel}","templated":true}]}}